{"id":78263,"date":"2023-04-06T10:52:54","date_gmt":"2023-04-06T10:52:54","guid":{"rendered":"http:\/\/192.168.0.222:10058\/?page_id=78263"},"modified":"2026-04-11T09:50:11","modified_gmt":"2026-04-11T12:50:11","slug":"services","status":"publish","type":"page","link":"https:\/\/site.partnersti.com\/?page_id=78263","title":{"rendered":"Servi\u00e7os"},"content":{"rendered":"\t\t<div data-elementor-type=\"wp-page\" data-elementor-id=\"78263\" class=\"elementor elementor-78263\">\n\t\t\t\t\t\t\t\t\t<section class=\"default no-position elementor-section elementor-top-section elementor-element elementor-element-0c24773 elementor-section-full_width elementor-section-height-default elementor-section-height-default\" data-id=\"0c24773\" data-element_type=\"section\">\n\t\t\t\t\t\t<div class=\"elementor-container elementor-column-gap-default\">\n\t\t\t\t\t<div class=\"elementor-column elementor-col-100 elementor-top-column elementor-element elementor-element-23db3eb\" data-id=\"23db3eb\" data-element_type=\"column\">\n\t\t\t<div class=\"elementor-widget-wrap elementor-element-populated\">\n\t\t\t\t\t\t\t\t<section class=\"default no-position elementor-section elementor-inner-section elementor-element elementor-element-1116834 elementor-section-content-middle elementor-section-boxed elementor-section-height-default elementor-section-height-default\" data-id=\"1116834\" data-element_type=\"section\">\n\t\t\t\t\t\t<div class=\"elementor-container elementor-column-gap-default\">\n\t\t\t\t\t<div class=\"elementor-column elementor-col-100 elementor-inner-column elementor-element elementor-element-6510f7c\" data-id=\"6510f7c\" data-element_type=\"column\">\n\t\t\t<div class=\"elementor-widget-wrap elementor-element-populated\">\n\t\t\t\t\t\t\t\t<div class=\"elementor-element elementor-element-d155d02 elementor-widget__width-initial elementor-absolute e-transform elementor-widget-divider--view-line elementor-widget elementor-widget-divider\" data-id=\"d155d02\" data-element_type=\"widget\" data-settings=\"{&quot;_position&quot;:&quot;absolute&quot;,&quot;_transform_rotateZ_effect&quot;:{&quot;unit&quot;:&quot;px&quot;,&quot;size&quot;:90,&quot;sizes&quot;:[]},&quot;_transform_rotateZ_effect_tablet&quot;:{&quot;unit&quot;:&quot;deg&quot;,&quot;size&quot;:&quot;&quot;,&quot;sizes&quot;:[]},&quot;_transform_rotateZ_effect_mobile&quot;:{&quot;unit&quot;:&quot;deg&quot;,&quot;size&quot;:&quot;&quot;,&quot;sizes&quot;:[]}}\" data-widget_type=\"divider.default\">\n\t\t\t\t<div class=\"elementor-widget-container\">\n\t\t\t<style>\/*! elementor - v3.14.0 - 26-06-2023 *\/\n.elementor-widget-divider{--divider-border-style:none;--divider-border-width:1px;--divider-color:#0c0d0e;--divider-icon-size:20px;--divider-element-spacing:10px;--divider-pattern-height:24px;--divider-pattern-size:20px;--divider-pattern-url:none;--divider-pattern-repeat:repeat-x}.elementor-widget-divider .elementor-divider{display:flex}.elementor-widget-divider .elementor-divider__text{font-size:15px;line-height:1;max-width:95%}.elementor-widget-divider .elementor-divider__element{margin:0 var(--divider-element-spacing);flex-shrink:0}.elementor-widget-divider .elementor-icon{font-size:var(--divider-icon-size)}.elementor-widget-divider .elementor-divider-separator{display:flex;margin:0;direction:ltr}.elementor-widget-divider--view-line_icon .elementor-divider-separator,.elementor-widget-divider--view-line_text .elementor-divider-separator{align-items:center}.elementor-widget-divider--view-line_icon .elementor-divider-separator:after,.elementor-widget-divider--view-line_icon .elementor-divider-separator:before,.elementor-widget-divider--view-line_text .elementor-divider-separator:after,.elementor-widget-divider--view-line_text .elementor-divider-separator:before{display:block;content:\"\";border-bottom:0;flex-grow:1;border-top:var(--divider-border-width) var(--divider-border-style) var(--divider-color)}.elementor-widget-divider--element-align-left .elementor-divider .elementor-divider-separator>.elementor-divider__svg:first-of-type{flex-grow:0;flex-shrink:100}.elementor-widget-divider--element-align-left .elementor-divider-separator:before{content:none}.elementor-widget-divider--element-align-left .elementor-divider__element{margin-left:0}.elementor-widget-divider--element-align-right .elementor-divider .elementor-divider-separator>.elementor-divider__svg:last-of-type{flex-grow:0;flex-shrink:100}.elementor-widget-divider--element-align-right .elementor-divider-separator:after{content:none}.elementor-widget-divider--element-align-right .elementor-divider__element{margin-right:0}.elementor-widget-divider:not(.elementor-widget-divider--view-line_text):not(.elementor-widget-divider--view-line_icon) .elementor-divider-separator{border-top:var(--divider-border-width) var(--divider-border-style) var(--divider-color)}.elementor-widget-divider--separator-type-pattern{--divider-border-style:none}.elementor-widget-divider--separator-type-pattern.elementor-widget-divider--view-line .elementor-divider-separator,.elementor-widget-divider--separator-type-pattern:not(.elementor-widget-divider--view-line) .elementor-divider-separator:after,.elementor-widget-divider--separator-type-pattern:not(.elementor-widget-divider--view-line) .elementor-divider-separator:before,.elementor-widget-divider--separator-type-pattern:not([class*=elementor-widget-divider--view]) .elementor-divider-separator{width:100%;min-height:var(--divider-pattern-height);-webkit-mask-size:var(--divider-pattern-size) 100%;mask-size:var(--divider-pattern-size) 100%;-webkit-mask-repeat:var(--divider-pattern-repeat);mask-repeat:var(--divider-pattern-repeat);background-color:var(--divider-color);-webkit-mask-image:var(--divider-pattern-url);mask-image:var(--divider-pattern-url)}.elementor-widget-divider--no-spacing{--divider-pattern-size:auto}.elementor-widget-divider--bg-round{--divider-pattern-repeat:round}.rtl .elementor-widget-divider .elementor-divider__text{direction:rtl}.e-con-inner>.elementor-widget-divider,.e-con>.elementor-widget-divider{width:var(--container-widget-width,100%);--flex-grow:var(--container-widget-flex-grow)}<\/style>\t\t<div class=\"elementor-divider\">\n\t\t\t<span class=\"elementor-divider-separator\">\n\t\t\t\t\t\t<\/span>\n\t\t<\/div>\n\t\t\t\t<\/div>\n\t\t\t\t<\/div>\n\t\t\t\t<div class=\"elementor-element elementor-element-111af5a elementor-widget__width-auto elementor-widget elementor-widget-rs-heading\" data-id=\"111af5a\" data-element_type=\"widget\" data-widget_type=\"rs-heading.default\">\n\t\t\t\t<div class=\"elementor-widget-container\">\n\t\t\t\n        <div class=\"prelements-heading style13 animate-default left normal_color  subgradient_color dots_ subnormal_color\">\n        \t<div class=\"title-inner\">      \t\t\n\t            <span class=\"sub-text\"> \n\t\t\t<img decoding=\"async\" src=\"https:\/\/demo.rstheme.com\/wordpress\/tekone\/wp-content\/uploads\/2023\/03\/heart-pulse-rate-blue.svg\" alt=\"icon\"> Solu\u00e7\u00f5es Para Sua Empresa <img decoding=\"async\" src=\"https:\/\/demo.rstheme.com\/wordpress\/tekone\/wp-content\/uploads\/2023\/03\/heart-pulse-rate-blue.svg\" alt=\"icon\"><\/span><h2 class=\"title\"><span class=\"watermark\"><\/span>Nosso servi\u00e7os<\/h2>\t\t\t\t\n\t\t\t\t\t        <\/div>\n\t                <\/div>\n        \t\t<\/div>\n\t\t\t\t<\/div>\n\t\t\t\t\t<\/div>\n\t\t<\/div>\n\t\t\t\t\t\t\t<\/div>\n\t\t<\/section>\n\t\t\t\t<section class=\"default no-position elementor-section elementor-inner-section elementor-element elementor-element-82aac8f elementor-section-boxed elementor-section-height-default elementor-section-height-default\" data-id=\"82aac8f\" data-element_type=\"section\">\n\t\t\t\t\t\t<div class=\"elementor-container elementor-column-gap-default\">\n\t\t\t\t\t<div class=\"elementor-column elementor-col-100 elementor-inner-column elementor-element elementor-element-a50d3df\" data-id=\"a50d3df\" data-element_type=\"column\">\n\t\t\t<div class=\"elementor-widget-wrap elementor-element-populated\">\n\t\t\t\t\t\t\t\t<div class=\"elementor-element elementor-element-d036ad6 elementor-widget__width-initial elementor-widget elementor-widget-rs-service-grid\" data-id=\"d036ad6\" data-element_type=\"widget\" data-widget_type=\"rs-service-grid.default\">\n\t\t\t\t<div class=\"elementor-widget-container\">\n\t\t\t\r\n\t\t<div class=\"rs-addon-services style2  \">\r\n\t\t\t<div class=\"services-inner\">\r\n            <div class=\"media_wrap\">\r\n\r\n                                           \r\n\r\n                                    <div class=\"image_style media-cmn\">\r\n                        <img decoding=\"async\" src=\"https:\/\/site.partnersti.com\/wp-content\/uploads\/2023\/08\/teleeducacion-1024x682-1.jpg\" alt=\"image\"\/>\r\n                    <\/div>\r\n                \r\n\r\n\r\n                                    <div class=\"overly_style_icon_normal\">\r\n                        <img decoding=\"async\" src=\"https:\/\/site.partnersti.com\/wp-content\/uploads\/2023\/04\/x.png\" alt=\"\" \/>\r\n                    <\/div>\r\n                \r\n\r\n                    <\/div>\r\n        \r\n    <div class=\"content_part\">\r\n                    <div class=\"services-title\">\t\t\t\t    \t\t\r\n                \t\t\t\t\t    \t\t\t\t\t\t\t    \t\t\t\r\n                <h5  \r\n                class=\"title\">\r\n\r\n                <a href=\"https:\/\/site.partnersti.com\/?page_id=81995\"  >\r\n                    EAD                <\/a>\r\n                <\/h5>\r\n                \t\t\t\t    \t\t\r\n            <\/div>\r\n        \r\n                    <div class=\"desc-text\">\r\n                Hospedagem e Suporte T\u00e9cnico Especializado ao Administrador da Plataforma EAD Moodle: Instala\u00e7\u00e3o, Configura\u00e7\u00e3o e Treinamento... Sistema de gest\u00e3o de an\u00e1lises de sementes, espec\u00edfico para laborat\u00f3rios de Sementes, desde o protocolo, at\u00e9 emiss\u00e3o dos documentos...            <\/div>\r\n                \r\n                    <div class=\"btn-part\">\r\n                                <a class=\"services-btn\" href=\"https:\/\/site.partnersti.com\/?page_id=81995\" >\r\n                                Saiba Mais                     <svg xmlns=\"http:\/\/www.w3.org\/2000\/svg\" width=\"14\" height=\"14\" viewBox=\"0 0 14 14\"><path d=\"M6.66667 7.83337H0V6.16671H6.66667V0.333374L13.3333 7.00004L6.66667 13.6667V7.83337Z\" fill=\"url(#paint0_linear_396_788)\"><\/path><defs><linearGradient id=\"paint0_linear_396_788\" x1=\"-8.73939e-08\" y1=\"2.11909\" x2=\"14.0834\" y2=\"3.24424\" gradientUnits=\"userSpaceOnUse\"><stop stop-color=\"#FE8801\"><\/stop><stop offset=\"1\" stop-color=\"#F5B163\"><\/stop><\/linearGradient><\/defs><\/svg>                <\/a>\r\n            <\/div>\r\n            <\/div>\r\n<\/div>\r\n\t\t<\/div>\r\n\t\t\t\t\r\n\t\t\t<\/div>\n\t\t\t\t<\/div>\n\t\t\t\t<div class=\"elementor-element elementor-element-ece3c9d elementor-widget__width-initial elementor-widget elementor-widget-rs-service-grid\" data-id=\"ece3c9d\" data-element_type=\"widget\" data-widget_type=\"rs-service-grid.default\">\n\t\t\t\t<div class=\"elementor-widget-container\">\n\t\t\t\r\n\t\t<div class=\"rs-addon-services style2  \">\r\n\t\t\t<div class=\"services-inner\">\r\n            <div class=\"media_wrap\">\r\n\r\n                                           \r\n\r\n                                    <div class=\"image_style media-cmn\">\r\n                        <img decoding=\"async\" src=\"https:\/\/site.partnersti.com\/wp-content\/uploads\/2026\/01\/LP1-scaled.png\" alt=\"image\"\/>\r\n                    <\/div>\r\n                \r\n\r\n\r\n                                    <div class=\"overly_style_icon_normal\">\r\n                        <img decoding=\"async\" src=\"https:\/\/site.partnersti.com\/wp-content\/uploads\/2023\/05\/email.svg\" alt=\"\" \/>\r\n                    <\/div>\r\n                \r\n\r\n                    <\/div>\r\n        \r\n    <div class=\"content_part\">\r\n                    <div class=\"services-title\">\t\t\t\t    \t\t\r\n                \t\t\t\t\t    \t\t\t\t\t\t\t    \t\t\t\r\n                <h5  \r\n                class=\"title\">\r\n\r\n                <a href=\"https:\/\/harvey.tec.br\/\" target=_blank >\r\n                    Harvey                <\/a>\r\n                <\/h5>\r\n                \t\t\t\t    \t\t\r\n            <\/div>\r\n        \r\n                    <div class=\"desc-text\">\r\n                Prontu\u00e1rio Integrado com WhatsApp\nGerencie sua cl\u00ednica odontol\u00f3gica com efici\u00eancia e conecte-se diretamente com seus pacientes atrav\u00e9s do WhatsApp.            <\/div>\r\n                \r\n                    <div class=\"btn-part\">\r\n                                <a class=\"services-btn\" href=\"https:\/\/chat-x.tec.br\/premium\" >\r\n                                Saiba Mais                     <svg xmlns=\"http:\/\/www.w3.org\/2000\/svg\" width=\"14\" height=\"14\" viewBox=\"0 0 14 14\"><path d=\"M6.66667 7.83337H0V6.16671H6.66667V0.333374L13.3333 7.00004L6.66667 13.6667V7.83337Z\" fill=\"url(#paint0_linear_396_788)\"><\/path><defs><linearGradient id=\"paint0_linear_396_788\" x1=\"-8.73939e-08\" y1=\"2.11909\" x2=\"14.0834\" y2=\"3.24424\" gradientUnits=\"userSpaceOnUse\"><stop stop-color=\"#FE8801\"><\/stop><stop offset=\"1\" stop-color=\"#F5B163\"><\/stop><\/linearGradient><\/defs><\/svg>                <\/a>\r\n            <\/div>\r\n            <\/div>\r\n<\/div>\r\n\t\t<\/div>\r\n\t\t\t\t\r\n\t\t\t<\/div>\n\t\t\t\t<\/div>\n\t\t\t\t<div class=\"elementor-element elementor-element-f40b52c elementor-widget__width-initial elementor-widget elementor-widget-rs-service-grid\" data-id=\"f40b52c\" data-element_type=\"widget\" data-widget_type=\"rs-service-grid.default\">\n\t\t\t\t<div class=\"elementor-widget-container\">\n\t\t\t\r\n\t\t<div class=\"rs-addon-services style2  \">\r\n\t\t\t<div class=\"services-inner\">\r\n            <div class=\"media_wrap\">\r\n\r\n                                           \r\n\r\n                                    <div class=\"image_style media-cmn\">\r\n                        <img decoding=\"async\" src=\"https:\/\/site.partnersti.com\/wp-content\/uploads\/2026\/04\/LOGO4.jpg\" alt=\"image\"\/>\r\n                    <\/div>\r\n                \r\n\r\n\r\n                                    <div class=\"overly_style_icon_normal\">\r\n                        <img decoding=\"async\" src=\"https:\/\/demo.rstheme.com\/wordpress\/tekone\/wp-content\/uploads\/2023\/03\/it-icon.png\" alt=\"\" \/>\r\n                    <\/div>\r\n                \r\n\r\n                    <\/div>\r\n        \r\n    <div class=\"content_part\">\r\n                    <div class=\"services-title\">\t\t\t\t    \t\t\r\n                \t\t\t\t\t    \t\t\t\t\t\t\t    \t\t\t\r\n                <h5  \r\n                class=\"title\">\r\n\r\n                <a href=\"https:\/\/sglab.partnersti.com\/\"  >\r\n                    ERP Laborat\u00f3rio de Sementes                <\/a>\r\n                <\/h5>\r\n                \t\t\t\t    \t\t\r\n            <\/div>\r\n        \r\n                    <div class=\"desc-text\">\r\n                Sistema de gest\u00e3o de an\u00e1lises de sementes, espec\u00edfico para laborat\u00f3rios de Sementes, dedes o protocolo, at\u00e9 emiss\u00e3o dos documentos...            <\/div>\r\n                \r\n                    <div class=\"btn-part\">\r\n                                <a class=\"services-btn\" href=\"https:\/\/sislab.partnersti.com\/\" >\r\n                                Saiba Mais                     <svg xmlns=\"http:\/\/www.w3.org\/2000\/svg\" width=\"14\" height=\"14\" viewBox=\"0 0 14 14\"><path d=\"M6.66667 7.83337H0V6.16671H6.66667V0.333374L13.3333 7.00004L6.66667 13.6667V7.83337Z\" fill=\"url(#paint0_linear_396_788)\"><\/path><defs><linearGradient id=\"paint0_linear_396_788\" x1=\"-8.73939e-08\" y1=\"2.11909\" x2=\"14.0834\" y2=\"3.24424\" gradientUnits=\"userSpaceOnUse\"><stop stop-color=\"#FE8801\"><\/stop><stop offset=\"1\" stop-color=\"#F5B163\"><\/stop><\/linearGradient><\/defs><\/svg>                <\/a>\r\n            <\/div>\r\n            <\/div>\r\n<\/div>\r\n\t\t<\/div>\r\n\t\t\t\t\r\n\t\t\t<\/div>\n\t\t\t\t<\/div>\n\t\t\t\t<div class=\"elementor-element elementor-element-38bf5c3 elementor-widget__width-initial elementor-widget elementor-widget-rs-service-grid\" data-id=\"38bf5c3\" data-element_type=\"widget\" data-widget_type=\"rs-service-grid.default\">\n\t\t\t\t<div class=\"elementor-widget-container\">\n\t\t\t\r\n\t\t<div class=\"rs-addon-services style2  \">\r\n\t\t\t<div class=\"services-inner\">\r\n            <div class=\"media_wrap\">\r\n\r\n                                           \r\n\r\n                                    <div class=\"image_style media-cmn\">\r\n                        <img decoding=\"async\" src=\"https:\/\/site.partnersti.com\/wp-content\/uploads\/2024\/05\/249002_ea16bd34527848ba86516996e30a142e.png\" alt=\"image\"\/>\r\n                    <\/div>\r\n                \r\n\r\n\r\n                                    <div class=\"overly_style_icon_normal\">\r\n                        <img decoding=\"async\" src=\"https:\/\/site.partnersti.com\/wp-content\/uploads\/2023\/05\/email.svg\" alt=\"\" \/>\r\n                    <\/div>\r\n                \r\n\r\n                    <\/div>\r\n        \r\n    <div class=\"content_part\">\r\n                    <div class=\"services-title\">\t\t\t\t    \t\t\r\n                \t\t\t\t\t    \t\t\t\t\t\t\t    \t\t\t\r\n                <h5  \r\n                class=\"title\">\r\n\r\n                <a href=\"https:\/\/zapp.tec.br\/site\/\"  >\r\n                    ZAP PARTNERS                <\/a>\r\n                <\/h5>\r\n                \t\t\t\t    \t\t\r\n            <\/div>\r\n        \r\n                    <div class=\"desc-text\">\r\n                Plataforma de atendimento Omni-Channel : Wahatsapp, Instagram, Facebook, Telegram, Site, E-mail, Google Meu Neg\u00f3cio, veja mais no kink abaixo:            <\/div>\r\n                \r\n                    <div class=\"btn-part\">\r\n                                <a class=\"services-btn\" href=\"https:\/\/zapp.tec.br\/site\/\" >\r\n                                Saiba Mais                     <svg xmlns=\"http:\/\/www.w3.org\/2000\/svg\" width=\"14\" height=\"14\" viewBox=\"0 0 14 14\"><path d=\"M6.66667 7.83337H0V6.16671H6.66667V0.333374L13.3333 7.00004L6.66667 13.6667V7.83337Z\" fill=\"url(#paint0_linear_396_788)\"><\/path><defs><linearGradient id=\"paint0_linear_396_788\" x1=\"-8.73939e-08\" y1=\"2.11909\" x2=\"14.0834\" y2=\"3.24424\" gradientUnits=\"userSpaceOnUse\"><stop stop-color=\"#FE8801\"><\/stop><stop offset=\"1\" stop-color=\"#F5B163\"><\/stop><\/linearGradient><\/defs><\/svg>                <\/a>\r\n            <\/div>\r\n            <\/div>\r\n<\/div>\r\n\t\t<\/div>\r\n\t\t\t\t\r\n\t\t\t<\/div>\n\t\t\t\t<\/div>\n\t\t\t\t<div class=\"elementor-element elementor-element-7349dfc elementor-widget__width-initial elementor-widget elementor-widget-rs-service-grid\" data-id=\"7349dfc\" data-element_type=\"widget\" data-widget_type=\"rs-service-grid.default\">\n\t\t\t\t<div class=\"elementor-widget-container\">\n\t\t\t\r\n\t\t<div class=\"rs-addon-services style2  \">\r\n\t\t\t<div class=\"services-inner\">\r\n            <div class=\"media_wrap\">\r\n\r\n                                           \r\n\r\n                                    <div class=\"image_style media-cmn\">\r\n                        <img decoding=\"async\" src=\"https:\/\/site.partnersti.com\/wp-content\/uploads\/2023\/04\/process_h_2_3.png\" alt=\"image\"\/>\r\n                    <\/div>\r\n                \r\n\r\n\r\n                                    <div class=\"overly_style_icon_normal\">\r\n                        <img decoding=\"async\" src=\"https:\/\/site.partnersti.com\/wp-content\/uploads\/2023\/05\/technology.png\" alt=\"\" \/>\r\n                    <\/div>\r\n                \r\n\r\n                    <\/div>\r\n        \r\n    <div class=\"content_part\">\r\n                    <div class=\"services-title\">\t\t\t\t    \t\t\r\n                \t\t\t\t\t    \t\t\t\t\t\t\t    \t\t\t\r\n                <h5  \r\n                class=\"title\">\r\n\r\n                <a href=\"https:\/\/site.partnersti.com\/?page_id=81919\"  >\r\n                    ERP Gest\u00e3o de Entidades                <\/a>\r\n                <\/h5>\r\n                \t\t\t\t    \t\t\r\n            <\/div>\r\n        \r\n                    <div class=\"desc-text\">\r\n                Sistema de Gest\u00e3o espec\u00edfico para CDL\u00b4s e ACI\u00b4s, gerencia contas a pagar, contas a receber, autit\u00f3rio, venda de certificado...            <\/div>\r\n                \r\n                    <div class=\"btn-part\">\r\n                                <a class=\"services-btn\" href=\"https:\/\/site.partnersti.com\/?page_id=81919\" >\r\n                                Saiba Mais                     <svg xmlns=\"http:\/\/www.w3.org\/2000\/svg\" width=\"14\" height=\"14\" viewBox=\"0 0 14 14\"><path d=\"M6.66667 7.83337H0V6.16671H6.66667V0.333374L13.3333 7.00004L6.66667 13.6667V7.83337Z\" fill=\"url(#paint0_linear_396_788)\"><\/path><defs><linearGradient id=\"paint0_linear_396_788\" x1=\"-8.73939e-08\" y1=\"2.11909\" x2=\"14.0834\" y2=\"3.24424\" gradientUnits=\"userSpaceOnUse\"><stop stop-color=\"#FE8801\"><\/stop><stop offset=\"1\" stop-color=\"#F5B163\"><\/stop><\/linearGradient><\/defs><\/svg>                <\/a>\r\n            <\/div>\r\n            <\/div>\r\n<\/div>\r\n\t\t<\/div>\r\n\t\t\t\t\r\n\t\t\t<\/div>\n\t\t\t\t<\/div>\n\t\t\t\t<div class=\"elementor-element elementor-element-5c5f6f5 elementor-widget__width-initial elementor-widget elementor-widget-rs-service-grid\" data-id=\"5c5f6f5\" data-element_type=\"widget\" data-widget_type=\"rs-service-grid.default\">\n\t\t\t\t<div class=\"elementor-widget-container\">\n\t\t\t\r\n\t\t<div class=\"rs-addon-services style2  \">\r\n\t\t\t<div class=\"services-inner\">\r\n            <div class=\"media_wrap\">\r\n\r\n                                           \r\n\r\n                                    <div class=\"image_style media-cmn\">\r\n                        <img decoding=\"async\" src=\"https:\/\/site.partnersti.com\/wp-content\/uploads\/2024\/05\/WhatsApp-Image-2024-05-29-at-14.58.15.jpeg\" alt=\"image\"\/>\r\n                    <\/div>\r\n                \r\n\r\n\r\n                                    <div class=\"overly_style_icon_normal\">\r\n                        <img decoding=\"async\" src=\"https:\/\/site.partnersti.com\/wp-content\/uploads\/2023\/05\/email.svg\" alt=\"\" \/>\r\n                    <\/div>\r\n                \r\n\r\n                    <\/div>\r\n        \r\n    <div class=\"content_part\">\r\n                    <div class=\"services-title\">\t\t\t\t    \t\t\r\n                \t\t\t\t\t    \t\t\t\t\t\t\t    \t\t\t\r\n                <h5  \r\n                class=\"title\">\r\n\r\n                <a href=\"https:\/\/multigrow.tec.br\/\"  >\r\n                    MULTI GROW                <\/a>\r\n                <\/h5>\r\n                \t\t\t\t    \t\t\r\n            <\/div>\r\n        \r\n                    <div class=\"desc-text\">\r\n                CRM com Funil de Vendas para Whatsapp, Facebook e Instagram, Chatbot e Campanhas, veja mais no kink abaixo:\n            <\/div>\r\n                \r\n                    <div class=\"btn-part\">\r\n                                <a class=\"services-btn\" href=\"https:\/\/multigrow.tec.br\/\" >\r\n                                Saiba Mais                     <svg xmlns=\"http:\/\/www.w3.org\/2000\/svg\" width=\"14\" height=\"14\" viewBox=\"0 0 14 14\"><path d=\"M6.66667 7.83337H0V6.16671H6.66667V0.333374L13.3333 7.00004L6.66667 13.6667V7.83337Z\" fill=\"url(#paint0_linear_396_788)\"><\/path><defs><linearGradient id=\"paint0_linear_396_788\" x1=\"-8.73939e-08\" y1=\"2.11909\" x2=\"14.0834\" y2=\"3.24424\" gradientUnits=\"userSpaceOnUse\"><stop stop-color=\"#FE8801\"><\/stop><stop offset=\"1\" stop-color=\"#F5B163\"><\/stop><\/linearGradient><\/defs><\/svg>                <\/a>\r\n            <\/div>\r\n            <\/div>\r\n<\/div>\r\n\t\t<\/div>\r\n\t\t\t\t\r\n\t\t\t<\/div>\n\t\t\t\t<\/div>\n\t\t\t\t\t<\/div>\n\t\t<\/div>\n\t\t\t\t\t\t\t<\/div>\n\t\t<\/section>\n\t\t\t\t\t<\/div>\n\t\t<\/div>\n\t\t\t\t\t\t\t<\/div>\n\t\t<\/section>\n\t\t\t\t\t\t\t<\/div>\n\t\t","protected":false},"excerpt":{"rendered":"<p>Solu\u00e7\u00f5es Para Sua Empresa Nosso servi\u00e7os EAD Hospedagem e Suporte T\u00e9cnico Especializado ao Administrador da Plataforma EAD Moodle: Instala\u00e7\u00e3o, Configura\u00e7\u00e3o e Treinamento&#8230; Sistema de gest\u00e3o de an\u00e1lises de sementes, espec\u00edfico para laborat\u00f3rios de Sementes, desde o protocolo, at\u00e9 emiss\u00e3o dos documentos&#8230; Saiba Mais Harvey Prontu\u00e1rio Integrado com WhatsApp Gerencie sua cl\u00ednica odontol\u00f3gica com efici\u00eancia e&#8230;<\/p>\n","protected":false},"author":1,"featured_media":0,"parent":0,"menu_order":0,"comment_status":"closed","ping_status":"closed","template":"elementor_header_footer","meta":{"footnotes":""},"class_list":["post-78263","page","type-page","status-publish","hentry"],"_links":{"self":[{"href":"https:\/\/site.partnersti.com\/index.php?rest_route=\/wp\/v2\/pages\/78263","targetHints":{"allow":["GET"]}}],"collection":[{"href":"https:\/\/site.partnersti.com\/index.php?rest_route=\/wp\/v2\/pages"}],"about":[{"href":"https:\/\/site.partnersti.com\/index.php?rest_route=\/wp\/v2\/types\/page"}],"author":[{"embeddable":true,"href":"https:\/\/site.partnersti.com\/index.php?rest_route=\/wp\/v2\/users\/1"}],"replies":[{"embeddable":true,"href":"https:\/\/site.partnersti.com\/index.php?rest_route=%2Fwp%2Fv2%2Fcomments&post=78263"}],"version-history":[{"count":77,"href":"https:\/\/site.partnersti.com\/index.php?rest_route=\/wp\/v2\/pages\/78263\/revisions"}],"predecessor-version":[{"id":93170,"href":"https:\/\/site.partnersti.com\/index.php?rest_route=\/wp\/v2\/pages\/78263\/revisions\/93170"}],"wp:attachment":[{"href":"https:\/\/site.partnersti.com\/index.php?rest_route=%2Fwp%2Fv2%2Fmedia&parent=78263"}],"curies":[{"name":"wp","href":"https:\/\/api.w.org\/{rel}","templated":true}]}}